{"id":13701,"date":"2023-03-27T17:48:57","date_gmt":"2023-03-27T17:48:57","guid":{"rendered":"https:\/\/nova.rutesentrerefugis.com\/?page_id=13701"},"modified":"2023-04-14T06:20:17","modified_gmt":"2023-04-14T06:20:17","slug":"politica-de-privacidad","status":"publish","type":"page","link":"https:\/\/rutesentrerefugis.com\/index.php\/es\/politica-de-privacidad\/","title":{"rendered":"POL\u00cdTICA DE PRIVACIDAD"},"content":{"rendered":"\t\t<div data-elementor-type=\"wp-page\" data-elementor-id=\"13701\" class=\"elementor elementor-13701\" data-elementor-post-type=\"page\">\n\t\t\t\t\t\t<section class=\"elementor-section elementor-top-section elementor-element elementor-element-a9cf4e3 elementor-section-full_width elementor-section-height-default elementor-section-height-default\" data-id=\"a9cf4e3\" data-element_type=\"section\" data-e-type=\"section\" data-settings=\"{&quot;background_background&quot;:&quot;classic&quot;}\">\n\t\t\t\t\t\t<div class=\"elementor-container elementor-column-gap-default\">\n\t\t\t\t\t<div class=\"elementor-column elementor-col-100 elementor-top-column elementor-element elementor-element-ed42560\" data-id=\"ed42560\" data-element_type=\"column\" data-e-type=\"column\">\n\t\t\t<div class=\"elementor-widget-wrap elementor-element-populated\">\n\t\t\t\t\t\t<div class=\"elementor-element elementor-element-ced20b0 elementor-widget elementor-widget-image\" data-id=\"ced20b0\" data-element_type=\"widget\" data-e-type=\"widget\" data-widget_type=\"image.default\">\n\t\t\t\t<div class=\"elementor-widget-container\">\n\t\t\t\t\t\t\t\t\t\t\t\t\t\t\t<img fetchpriority=\"high\" decoding=\"async\" width=\"2000\" height=\"450\" src=\"https:\/\/rutesentrerefugis.com\/wp-content\/uploads\/2023\/03\/Condicions-i-Privacitat-Cap.jpg\" class=\"attachment-full size-full wp-image-13697\" alt=\"\" srcset=\"https:\/\/rutesentrerefugis.com\/wp-content\/uploads\/2023\/03\/Condicions-i-Privacitat-Cap.jpg 2000w, https:\/\/rutesentrerefugis.com\/wp-content\/uploads\/2023\/03\/Condicions-i-Privacitat-Cap-300x68.jpg 300w, https:\/\/rutesentrerefugis.com\/wp-content\/uploads\/2023\/03\/Condicions-i-Privacitat-Cap-1024x230.jpg 1024w, https:\/\/rutesentrerefugis.com\/wp-content\/uploads\/2023\/03\/Condicions-i-Privacitat-Cap-768x173.jpg 768w, https:\/\/rutesentrerefugis.com\/wp-content\/uploads\/2023\/03\/Condicions-i-Privacitat-Cap-1536x346.jpg 1536w\" sizes=\"(max-width: 2000px) 100vw, 2000px\" \/>\t\t\t\t\t\t\t\t\t\t\t\t\t\t\t<\/div>\n\t\t\t\t<\/div>\n\t\t\t\t\t<\/div>\n\t\t<\/div>\n\t\t\t\t\t<\/div>\n\t\t<\/section>\n\t\t\t\t<section class=\"elementor-section elementor-top-section elementor-element elementor-element-98b125a elementor-section-full_width elementor-section-height-default elementor-section-height-default\" data-id=\"98b125a\" data-element_type=\"section\" data-e-type=\"section\" data-settings=\"{&quot;background_background&quot;:&quot;classic&quot;}\">\n\t\t\t\t\t\t<div class=\"elementor-container elementor-column-gap-default\">\n\t\t\t\t\t<div class=\"elementor-column elementor-col-100 elementor-top-column elementor-element elementor-element-0e08ba9\" data-id=\"0e08ba9\" data-element_type=\"column\" data-e-type=\"column\">\n\t\t\t<div class=\"elementor-widget-wrap elementor-element-populated\">\n\t\t\t\t\t\t<div class=\"elementor-element elementor-element-aa2fe16 elementor-widget elementor-widget-heading\" data-id=\"aa2fe16\" data-element_type=\"widget\" data-e-type=\"widget\" data-widget_type=\"heading.default\">\n\t\t\t\t<div class=\"elementor-widget-container\">\n\t\t\t\t\t<h1 class=\"elementor-heading-title elementor-size-default\">\u00b7 <font color=\"#B40404\">POL\u00cdTICA DE PRIVACIDAD<\/font> \u00b7<\/h1>\t\t\t\t<\/div>\n\t\t\t\t<\/div>\n\t\t\t\t\t<\/div>\n\t\t<\/div>\n\t\t\t\t\t<\/div>\n\t\t<\/section>\n\t\t\t\t<section class=\"elementor-section elementor-top-section elementor-element elementor-element-16288e2 elementor-section-full_width elementor-section-height-default elementor-section-height-default\" data-id=\"16288e2\" data-element_type=\"section\" data-e-type=\"section\" data-settings=\"{&quot;background_background&quot;:&quot;classic&quot;}\">\n\t\t\t\t\t\t<div class=\"elementor-container elementor-column-gap-default\">\n\t\t\t\t\t<div class=\"elementor-column elementor-col-100 elementor-top-column elementor-element elementor-element-c3fdaf0\" data-id=\"c3fdaf0\" data-element_type=\"column\" data-e-type=\"column\">\n\t\t\t<div class=\"elementor-widget-wrap elementor-element-populated\">\n\t\t\t\t\t\t<div class=\"elementor-element elementor-element-85cb226 elementor-widget-divider--view-line elementor-widget elementor-widget-divider\" data-id=\"85cb226\" data-element_type=\"widget\" data-e-type=\"widget\" data-widget_type=\"divider.default\">\n\t\t\t\t<div class=\"elementor-widget-container\">\n\t\t\t\t\t\t\t<div class=\"elementor-divider\">\n\t\t\t<span class=\"elementor-divider-separator\">\n\t\t\t\t\t\t<\/span>\n\t\t<\/div>\n\t\t\t\t\t\t<\/div>\n\t\t\t\t<\/div>\n\t\t\t\t\t<\/div>\n\t\t<\/div>\n\t\t\t\t\t<\/div>\n\t\t<\/section>\n\t\t\t\t<section class=\"elementor-section elementor-top-section elementor-element elementor-element-06ef67a elementor-section-full_width elementor-section-height-default elementor-section-height-default\" data-id=\"06ef67a\" data-element_type=\"section\" data-e-type=\"section\">\n\t\t\t\t\t\t<div class=\"elementor-container elementor-column-gap-default\">\n\t\t\t\t\t<div class=\"elementor-column elementor-col-100 elementor-top-column elementor-element elementor-element-ae85b9d\" data-id=\"ae85b9d\" data-element_type=\"column\" data-e-type=\"column\">\n\t\t\t<div class=\"elementor-widget-wrap elementor-element-populated\">\n\t\t\t\t\t\t<div class=\"elementor-element elementor-element-9cfe2b6 elementor-widget elementor-widget-spacer\" data-id=\"9cfe2b6\" data-element_type=\"widget\" data-e-type=\"widget\" data-widget_type=\"spacer.default\">\n\t\t\t\t<div class=\"elementor-widget-container\">\n\t\t\t\t\t\t\t<div class=\"elementor-spacer\">\n\t\t\t<div class=\"elementor-spacer-inner\"><\/div>\n\t\t<\/div>\n\t\t\t\t\t\t<\/div>\n\t\t\t\t<\/div>\n\t\t\t\t\t<\/div>\n\t\t<\/div>\n\t\t\t\t\t<\/div>\n\t\t<\/section>\n\t\t\t\t<section class=\"elementor-section elementor-top-section elementor-element elementor-element-96b98ac elementor-section-boxed elementor-section-height-default elementor-section-height-default\" data-id=\"96b98ac\" data-element_type=\"section\" data-e-type=\"section\">\n\t\t\t\t\t\t<div class=\"elementor-container elementor-column-gap-default\">\n\t\t\t\t\t<div class=\"elementor-column elementor-col-100 elementor-top-column elementor-element elementor-element-53f88f4\" data-id=\"53f88f4\" data-element_type=\"column\" data-e-type=\"column\">\n\t\t\t<div class=\"elementor-widget-wrap elementor-element-populated\">\n\t\t\t\t\t\t<div class=\"elementor-element elementor-element-826f1e9 elementor-widget elementor-widget-text-editor\" data-id=\"826f1e9\" data-element_type=\"widget\" data-e-type=\"widget\" data-widget_type=\"text-editor.default\">\n\t\t\t\t<div class=\"elementor-widget-container\">\n\t\t\t\t\t\t\t\t\t<h4><u>POL\u00cdTICA DE PROTECCI\u00d3N DE DATOS DE CAR\u00c1CTER PERSONAL<\/u><\/h4>\t\t\t\t\t\t\t\t<\/div>\n\t\t\t\t<\/div>\n\t\t\t\t\t<\/div>\n\t\t<\/div>\n\t\t\t\t\t<\/div>\n\t\t<\/section>\n\t\t\t\t<section class=\"elementor-section elementor-top-section elementor-element elementor-element-882bbc4 elementor-section-boxed elementor-section-height-default elementor-section-height-default\" data-id=\"882bbc4\" data-element_type=\"section\" data-e-type=\"section\">\n\t\t\t\t\t\t<div class=\"elementor-container elementor-column-gap-default\">\n\t\t\t\t\t<div class=\"elementor-column elementor-col-100 elementor-top-column elementor-element elementor-element-e12d0c7\" data-id=\"e12d0c7\" data-element_type=\"column\" data-e-type=\"column\">\n\t\t\t<div class=\"elementor-widget-wrap elementor-element-populated\">\n\t\t\t\t\t\t<div class=\"elementor-element elementor-element-1c07394 elementor-widget elementor-widget-text-editor\" data-id=\"1c07394\" data-element_type=\"widget\" data-e-type=\"widget\" data-widget_type=\"text-editor.default\">\n\t\t\t\t<div class=\"elementor-widget-container\">\n\t\t\t\t\t\t\t\t\t<h5><b>RUTAS ENTRE REFUGIOS<\/b> informa a los usuarios de su sitio Web acerca de su Pol\u00edtica de Protecci\u00f3n de Datos Personales (en adelante PPDP), acorde al Reglamento (UE) 2016\/679 del Parlamento Europeo y del Consejo de 27 de abril de 2016, la Ley 15\/1999 de 13 de diciembre de Protecci\u00f3n de Datos de Car\u00e1cter Personal y el RD 1720\/2007, con la finalidad de que \u00e9stos decidan libre y voluntariamente si desean facilitar los datos personales que se les soliciten en su p\u00e1gina web.<\/br>\n<\/br>\n<b>RUTAS ENTRE REFUGIOS<\/b> le informa que los datos recogidos ser\u00e1n tratados de forma segura y confidencial en nuestro fichero de clientes, con la finalidad de llevar a cabo todo lo relacionado con la difusi\u00f3n de los bolet\u00ednes.<\/br>\n<\/br>\nLe informamos que <b>RUTAS ENTRE REFUGIOS<\/b> es responsable y \u00fanico destinatario del tratamiento de sus datos personales. Ud. consiente que dichos datos, proporcionados por Ud. por cualquier medio, u obtenidos por cesi\u00f3n de un tercero, sean tratados por <b>RUTAS ENTRE REFUGIOS<\/b> para la gesti\u00f3n de los servicios solicitados. Ud. reconoce haber facilitado sus datos personales de forma libre, voluntaria y sincera, responsabiliz\u00e1ndose de que el contenido de los mismos sea acorde a la realidad. El tratamiento y conservaci\u00f3n de sus datos, se realizar\u00e1 por el tiempo necesario para la prestaci\u00f3n de nuestros servicios o en su defecto por el legalmente establecido. Usted o su representante legal, podr\u00e1n en todo momento, ejercitar los derechos de acceso, rectificaci\u00f3n, supresi\u00f3n y portabilidad, limitaci\u00f3n y\/u oposici\u00f3n al tratamiento del Reglamento (UE) 2016\/679 dirigiendo comunicaci\u00f3n motivada a la direcci\u00f3n arriba indicada o mediante correo electr\u00f3nico a la direcci\u00f3n info@rutesentrerefugis.com adjuntando documento acreditativo de su identidad.<\/br>\n<\/br>\n<b>RUTAS ENTRE REFUGIOS<\/b> se reserva el derecho de modificar su PPDP de acuerdo a su criterio, a causa de un cambio legislativo, jurisprudencial o en la pr\u00e1ctica empresarial. Si introdujese alguna modificaci\u00f3n, el nuevo texto ser\u00e1 publicado en este mismo enlace, donde el usuario podr\u00e1 tener conocimiento de la PPDP actual. En cualquier caso, la relaci\u00f3n con los usuarios se regir\u00e1 por las normas previstas en el momento preciso en que se accede al enlace.<\/br>\n<\/br>\n<b>RUTAS ENTRE REFUGIOS<\/b> es titular de la base de datos generada con los datos de car\u00e1cter personal suministrados por los usuarios en los distintos formularios de la p\u00e1gina web. No se ceder\u00e1n datos a terceros, no entendiendo como cesi\u00f3n, el tratamiento que empresas colaboradoras presten a <b>RUTAS ENTRE REFUGIOS<\/b> de acuerdo con lo descrito en los contratos entre el Responsable del tratamiento y los Encargados del Tratamiento. El responsable del tratamiento se compromete a cumplir con la obligaci\u00f3n de secreto establecida en la legislaci\u00f3n aplicable, respecto de los datos personales contenidos en los ficheros automatizados.<\/br>\n<\/br>\nSi usted tiene alguna informaci\u00f3n, sugerencia o consulta que hacer en alg\u00fan tema relacionado con la seguridad de los sistemas de comercio electr\u00f3nico y\/o con la Pol\u00edtica de Protecci\u00f3n de Datos Personales, le agradeceremos env\u00ede un correo a la direcci\u00f3n arriba indicada y, en \u00abAsunto\u00bb escriba \u00abConsulta Sugerencia\u00bb. Si el motivo del contacto con <b>RUTAS ENTRE REFUGIOS<\/b> fuera una reclamaci\u00f3n o queja que tuviera relaci\u00f3n con cualquier vulneraci\u00f3n de su privacidad o una reclamaci\u00f3n por fallos en la seguridad de sus sistemas de comercio electr\u00f3nico, puede enviar un correo indicando en el campo \u00abAsunto\u00bb la palabra \u00abReclamaci\u00f3n\u00bb a la cuenta de correo que arriba se indica.<\/br>\n<\/br>\n<b>RUTAS ENTRE REFUGIOS<\/b> se compromete a dar una soluci\u00f3n a su reclamaci\u00f3n o queja en un plazo de 15 d\u00edas, notific\u00e1ndosela por el medio que usted nos indique.\t\t\t\t\t\t\t\t<\/div>\n\t\t\t\t<\/div>\n\t\t\t\t\t<\/div>\n\t\t<\/div>\n\t\t\t\t\t<\/div>\n\t\t<\/section>\n\t\t\t\t<section class=\"elementor-section elementor-top-section elementor-element elementor-element-b3a3f25 elementor-section-full_width elementor-section-height-default elementor-section-height-default\" data-id=\"b3a3f25\" data-element_type=\"section\" data-e-type=\"section\">\n\t\t\t\t\t\t<div class=\"elementor-container elementor-column-gap-default\">\n\t\t\t\t\t<div class=\"elementor-column elementor-col-100 elementor-top-column elementor-element elementor-element-3f90197\" data-id=\"3f90197\" data-element_type=\"column\" data-e-type=\"column\">\n\t\t\t<div class=\"elementor-widget-wrap elementor-element-populated\">\n\t\t\t\t\t\t<div class=\"elementor-element elementor-element-4f1391d elementor-widget elementor-widget-spacer\" data-id=\"4f1391d\" data-element_type=\"widget\" data-e-type=\"widget\" data-widget_type=\"spacer.default\">\n\t\t\t\t<div class=\"elementor-widget-container\">\n\t\t\t\t\t\t\t<div class=\"elementor-spacer\">\n\t\t\t<div class=\"elementor-spacer-inner\"><\/div>\n\t\t<\/div>\n\t\t\t\t\t\t<\/div>\n\t\t\t\t<\/div>\n\t\t\t\t\t<\/div>\n\t\t<\/div>\n\t\t\t\t\t<\/div>\n\t\t<\/section>\n\t\t\t\t<\/div>\n\t\t","protected":false},"excerpt":{"rendered":"<p>\u00b7 POL\u00cdTICA DE PRIVACIDAD \u00b7 POL\u00cdTICA DE PROTECCI\u00d3N DE DATOS DE CAR\u00c1CTER PERSONAL RUTAS ENTRE REFUGIOS informa a los usuarios de su sitio Web acerca de su Pol\u00edtica de Protecci\u00f3n de Datos Personales (en adelante PPDP), acorde al Reglamento (UE) 2016\/679 del Parlamento Europeo y del Consejo de 27 de abril de 2016, la Ley [&hellip;]<\/p>\n","protected":false},"author":2,"featured_media":0,"parent":0,"menu_order":0,"comment_status":"closed","ping_status":"closed","template":"elementor_header_footer","meta":{"_monsterinsights_skip_tracking":false,"_monsterinsights_sitenote_active":false,"_monsterinsights_sitenote_note":"","_monsterinsights_sitenote_category":0,"footnotes":""},"class_list":["post-13701","page","type-page","status-publish","hentry"],"yoast_head":"<!-- This site is optimized with the Yoast SEO plugin v27.3 - https:\/\/yoast.com\/product\/yoast-seo-wordpress\/ -->\n<title>POL\u00cdTICA DE PRIVACIDAD - Rutes Entre Refugis<\/title>\n<meta name=\"robots\" content=\"index, follow, max-snippet:-1, max-image-preview:large, max-video-preview:-1\" \/>\n<link rel=\"canonical\" href=\"https:\/\/rutesentrerefugis.com\/index.php\/es\/politica-de-privacidad\/\" \/>\n<meta property=\"og:locale\" content=\"es_ES\" \/>\n<meta property=\"og:type\" content=\"article\" \/>\n<meta property=\"og:title\" content=\"POL\u00cdTICA DE PRIVACIDAD - Rutes Entre Refugis\" \/>\n<meta property=\"og:description\" content=\"\u00b7 POL\u00cdTICA DE PRIVACIDAD \u00b7 POL\u00cdTICA DE PROTECCI\u00d3N DE DATOS DE CAR\u00c1CTER PERSONAL RUTAS ENTRE REFUGIOS informa a los usuarios de su sitio Web acerca de su Pol\u00edtica de Protecci\u00f3n de Datos Personales (en adelante PPDP), acorde al Reglamento (UE) 2016\/679 del Parlamento Europeo y del Consejo de 27 de abril de 2016, la Ley [&hellip;]\" \/>\n<meta property=\"og:url\" content=\"https:\/\/rutesentrerefugis.com\/index.php\/es\/politica-de-privacidad\/\" \/>\n<meta property=\"og:site_name\" content=\"Rutes Entre Refugis\" \/>\n<meta property=\"article:modified_time\" content=\"2023-04-14T06:20:17+00:00\" \/>\n<meta property=\"og:image\" content=\"https:\/\/nova.rutesentrerefugis.com\/wp-content\/uploads\/2023\/03\/Condicions-i-Privacitat-Cap.jpg\" \/>\n<meta name=\"twitter:card\" content=\"summary_large_image\" \/>\n<meta name=\"twitter:label1\" content=\"Tiempo de lectura\" \/>\n\t<meta name=\"twitter:data1\" content=\"4 minutos\" \/>\n<script type=\"application\/ld+json\" class=\"yoast-schema-graph\">{\"@context\":\"https:\\\/\\\/schema.org\",\"@graph\":[{\"@type\":\"WebPage\",\"@id\":\"https:\\\/\\\/rutesentrerefugis.com\\\/index.php\\\/es\\\/politica-de-privacidad\\\/\",\"url\":\"https:\\\/\\\/rutesentrerefugis.com\\\/index.php\\\/es\\\/politica-de-privacidad\\\/\",\"name\":\"POL\u00cdTICA DE PRIVACIDAD - Rutes Entre Refugis\",\"isPartOf\":{\"@id\":\"https:\\\/\\\/rutesentrerefugis.com\\\/#website\"},\"primaryImageOfPage\":{\"@id\":\"https:\\\/\\\/rutesentrerefugis.com\\\/index.php\\\/es\\\/politica-de-privacidad\\\/#primaryimage\"},\"image\":{\"@id\":\"https:\\\/\\\/rutesentrerefugis.com\\\/index.php\\\/es\\\/politica-de-privacidad\\\/#primaryimage\"},\"thumbnailUrl\":\"https:\\\/\\\/nova.rutesentrerefugis.com\\\/wp-content\\\/uploads\\\/2023\\\/03\\\/Condicions-i-Privacitat-Cap.jpg\",\"datePublished\":\"2023-03-27T17:48:57+00:00\",\"dateModified\":\"2023-04-14T06:20:17+00:00\",\"breadcrumb\":{\"@id\":\"https:\\\/\\\/rutesentrerefugis.com\\\/index.php\\\/es\\\/politica-de-privacidad\\\/#breadcrumb\"},\"inLanguage\":\"es\",\"potentialAction\":[{\"@type\":\"ReadAction\",\"target\":[\"https:\\\/\\\/rutesentrerefugis.com\\\/index.php\\\/es\\\/politica-de-privacidad\\\/\"]}]},{\"@type\":\"ImageObject\",\"inLanguage\":\"es\",\"@id\":\"https:\\\/\\\/rutesentrerefugis.com\\\/index.php\\\/es\\\/politica-de-privacidad\\\/#primaryimage\",\"url\":\"https:\\\/\\\/nova.rutesentrerefugis.com\\\/wp-content\\\/uploads\\\/2023\\\/03\\\/Condicions-i-Privacitat-Cap.jpg\",\"contentUrl\":\"https:\\\/\\\/nova.rutesentrerefugis.com\\\/wp-content\\\/uploads\\\/2023\\\/03\\\/Condicions-i-Privacitat-Cap.jpg\"},{\"@type\":\"BreadcrumbList\",\"@id\":\"https:\\\/\\\/rutesentrerefugis.com\\\/index.php\\\/es\\\/politica-de-privacidad\\\/#breadcrumb\",\"itemListElement\":[{\"@type\":\"ListItem\",\"position\":1,\"name\":\"Inici\",\"item\":\"https:\\\/\\\/rutesentrerefugis.com\\\/\"},{\"@type\":\"ListItem\",\"position\":2,\"name\":\"POL\u00cdTICA DE PRIVACIDAD\"}]},{\"@type\":\"WebSite\",\"@id\":\"https:\\\/\\\/rutesentrerefugis.com\\\/#website\",\"url\":\"https:\\\/\\\/rutesentrerefugis.com\\\/\",\"name\":\"Rutes Entre Refugis\",\"description\":\"Caminant sota un nom\",\"publisher\":{\"@id\":\"https:\\\/\\\/rutesentrerefugis.com\\\/#organization\"},\"potentialAction\":[{\"@type\":\"SearchAction\",\"target\":{\"@type\":\"EntryPoint\",\"urlTemplate\":\"https:\\\/\\\/rutesentrerefugis.com\\\/?s={search_term_string}\"},\"query-input\":{\"@type\":\"PropertyValueSpecification\",\"valueRequired\":true,\"valueName\":\"search_term_string\"}}],\"inLanguage\":\"es\"},{\"@type\":\"Organization\",\"@id\":\"https:\\\/\\\/rutesentrerefugis.com\\\/#organization\",\"name\":\"Rutes Entre Refugis\",\"url\":\"https:\\\/\\\/rutesentrerefugis.com\\\/\",\"logo\":{\"@type\":\"ImageObject\",\"inLanguage\":\"es\",\"@id\":\"https:\\\/\\\/rutesentrerefugis.com\\\/#\\\/schema\\\/logo\\\/image\\\/\",\"url\":\"https:\\\/\\\/rutesentrerefugis.com\\\/wp-content\\\/uploads\\\/2022\\\/08\\\/RutesEntreRefugis-Blanc-Retina-1.png\",\"contentUrl\":\"https:\\\/\\\/rutesentrerefugis.com\\\/wp-content\\\/uploads\\\/2022\\\/08\\\/RutesEntreRefugis-Blanc-Retina-1.png\",\"width\":400,\"height\":400,\"caption\":\"Rutes Entre Refugis\"},\"image\":{\"@id\":\"https:\\\/\\\/rutesentrerefugis.com\\\/#\\\/schema\\\/logo\\\/image\\\/\"}}]}<\/script>\n<!-- \/ Yoast SEO plugin. -->","yoast_head_json":{"title":"POL\u00cdTICA DE PRIVACIDAD - Rutes Entre Refugis","robots":{"index":"index","follow":"follow","max-snippet":"max-snippet:-1","max-image-preview":"max-image-preview:large","max-video-preview":"max-video-preview:-1"},"canonical":"https:\/\/rutesentrerefugis.com\/index.php\/es\/politica-de-privacidad\/","og_locale":"es_ES","og_type":"article","og_title":"POL\u00cdTICA DE PRIVACIDAD - Rutes Entre Refugis","og_description":"\u00b7 POL\u00cdTICA DE PRIVACIDAD \u00b7 POL\u00cdTICA DE PROTECCI\u00d3N DE DATOS DE CAR\u00c1CTER PERSONAL RUTAS ENTRE REFUGIOS informa a los usuarios de su sitio Web acerca de su Pol\u00edtica de Protecci\u00f3n de Datos Personales (en adelante PPDP), acorde al Reglamento (UE) 2016\/679 del Parlamento Europeo y del Consejo de 27 de abril de 2016, la Ley [&hellip;]","og_url":"https:\/\/rutesentrerefugis.com\/index.php\/es\/politica-de-privacidad\/","og_site_name":"Rutes Entre Refugis","article_modified_time":"2023-04-14T06:20:17+00:00","og_image":[{"url":"https:\/\/nova.rutesentrerefugis.com\/wp-content\/uploads\/2023\/03\/Condicions-i-Privacitat-Cap.jpg","type":"","width":"","height":""}],"twitter_card":"summary_large_image","twitter_misc":{"Tiempo de lectura":"4 minutos"},"schema":{"@context":"https:\/\/schema.org","@graph":[{"@type":"WebPage","@id":"https:\/\/rutesentrerefugis.com\/index.php\/es\/politica-de-privacidad\/","url":"https:\/\/rutesentrerefugis.com\/index.php\/es\/politica-de-privacidad\/","name":"POL\u00cdTICA DE PRIVACIDAD - Rutes Entre Refugis","isPartOf":{"@id":"https:\/\/rutesentrerefugis.com\/#website"},"primaryImageOfPage":{"@id":"https:\/\/rutesentrerefugis.com\/index.php\/es\/politica-de-privacidad\/#primaryimage"},"image":{"@id":"https:\/\/rutesentrerefugis.com\/index.php\/es\/politica-de-privacidad\/#primaryimage"},"thumbnailUrl":"https:\/\/nova.rutesentrerefugis.com\/wp-content\/uploads\/2023\/03\/Condicions-i-Privacitat-Cap.jpg","datePublished":"2023-03-27T17:48:57+00:00","dateModified":"2023-04-14T06:20:17+00:00","breadcrumb":{"@id":"https:\/\/rutesentrerefugis.com\/index.php\/es\/politica-de-privacidad\/#breadcrumb"},"inLanguage":"es","potentialAction":[{"@type":"ReadAction","target":["https:\/\/rutesentrerefugis.com\/index.php\/es\/politica-de-privacidad\/"]}]},{"@type":"ImageObject","inLanguage":"es","@id":"https:\/\/rutesentrerefugis.com\/index.php\/es\/politica-de-privacidad\/#primaryimage","url":"https:\/\/nova.rutesentrerefugis.com\/wp-content\/uploads\/2023\/03\/Condicions-i-Privacitat-Cap.jpg","contentUrl":"https:\/\/nova.rutesentrerefugis.com\/wp-content\/uploads\/2023\/03\/Condicions-i-Privacitat-Cap.jpg"},{"@type":"BreadcrumbList","@id":"https:\/\/rutesentrerefugis.com\/index.php\/es\/politica-de-privacidad\/#breadcrumb","itemListElement":[{"@type":"ListItem","position":1,"name":"Inici","item":"https:\/\/rutesentrerefugis.com\/"},{"@type":"ListItem","position":2,"name":"POL\u00cdTICA DE PRIVACIDAD"}]},{"@type":"WebSite","@id":"https:\/\/rutesentrerefugis.com\/#website","url":"https:\/\/rutesentrerefugis.com\/","name":"Rutes Entre Refugis","description":"Caminant sota un nom","publisher":{"@id":"https:\/\/rutesentrerefugis.com\/#organization"},"potentialAction":[{"@type":"SearchAction","target":{"@type":"EntryPoint","urlTemplate":"https:\/\/rutesentrerefugis.com\/?s={search_term_string}"},"query-input":{"@type":"PropertyValueSpecification","valueRequired":true,"valueName":"search_term_string"}}],"inLanguage":"es"},{"@type":"Organization","@id":"https:\/\/rutesentrerefugis.com\/#organization","name":"Rutes Entre Refugis","url":"https:\/\/rutesentrerefugis.com\/","logo":{"@type":"ImageObject","inLanguage":"es","@id":"https:\/\/rutesentrerefugis.com\/#\/schema\/logo\/image\/","url":"https:\/\/rutesentrerefugis.com\/wp-content\/uploads\/2022\/08\/RutesEntreRefugis-Blanc-Retina-1.png","contentUrl":"https:\/\/rutesentrerefugis.com\/wp-content\/uploads\/2022\/08\/RutesEntreRefugis-Blanc-Retina-1.png","width":400,"height":400,"caption":"Rutes Entre Refugis"},"image":{"@id":"https:\/\/rutesentrerefugis.com\/#\/schema\/logo\/image\/"}}]}},"_links":{"self":[{"href":"https:\/\/rutesentrerefugis.com\/index.php\/wp-json\/wp\/v2\/pages\/13701","targetHints":{"allow":["GET"]}}],"collection":[{"href":"https:\/\/rutesentrerefugis.com\/index.php\/wp-json\/wp\/v2\/pages"}],"about":[{"href":"https:\/\/rutesentrerefugis.com\/index.php\/wp-json\/wp\/v2\/types\/page"}],"author":[{"embeddable":true,"href":"https:\/\/rutesentrerefugis.com\/index.php\/wp-json\/wp\/v2\/users\/2"}],"replies":[{"embeddable":true,"href":"https:\/\/rutesentrerefugis.com\/index.php\/wp-json\/wp\/v2\/comments?post=13701"}],"version-history":[{"count":7,"href":"https:\/\/rutesentrerefugis.com\/index.php\/wp-json\/wp\/v2\/pages\/13701\/revisions"}],"predecessor-version":[{"id":15561,"href":"https:\/\/rutesentrerefugis.com\/index.php\/wp-json\/wp\/v2\/pages\/13701\/revisions\/15561"}],"wp:attachment":[{"href":"https:\/\/rutesentrerefugis.com\/index.php\/wp-json\/wp\/v2\/media?parent=13701"}],"curies":[{"name":"wp","href":"https:\/\/api.w.org\/{rel}","templated":true}]}}